{"id":281,"date":"2014-08-12T23:21:02","date_gmt":"2014-08-12T23:21:02","guid":{"rendered":"http:\/\/www.recrutement-amarillo.com\/?page_id=281"},"modified":"2021-09-01T06:00:30","modified_gmt":"2021-09-01T06:00:30","slug":"agence-de-recrutement-notre-savoir-faire","status":"publish","type":"page","link":"http:\/\/www.recrutement-amarillo.com\/fr\/agence-de-recrutement-notre-savoir-faire\/","title":{"rendered":"Agence de recrutement, notre savoir-faire"},"content":{"rendered":"<h2 style=\"color: #e1ad05;\">Notre savoir-faire<\/h2>\n<div class=\"divider\" style=\"border-color:#E1AD05;padding-top:5px;margin-bottom:15px\"><\/div>\n<div class=\"one_half\"><div class=\"sample-purple\">Employeurs<\/div>\n<p style=\"text-align: justify;\"><strong>Un bon recrutement est un processus tr\u00e8s fluide, souvent \u00e0 la fois efficace et efficient.<\/strong><\/p>\n<p style=\"text-align: justify;\">Nous \u00e9valuons non seulement les comp\u00e9tences techniques, mais aussi les qualit\u00e9s humaines et relationnelles qui aideront \u00e0 anticiper la bonne int\u00e9gration et \u00e9panouissement du candidat au sein de l\u2019\u00e9quipe. Nous allons pouvoir soulager le stress de votre d\u00e9partement en vous proposant les meilleurs candidats pour les postes que vous avez \u00e0 pourvoir.<\/p>\n<p style=\"text-align: justify;\">Nous avons d\u00e9velopp\u00e9 un sens aigu de l&rsquo;\u00e9valuation des besoins du poste, pour effectuer la recherche de la fa\u00e7on la plus efficace, faire la d\u00e9couverte, le recrutement, la s\u00e9lection et, finalement, la mise en place des meilleurs candidats.<\/p>\n<p style=\"text-align: justify;\">Nous visons \u00e0 placer le bon candidat au bon poste dans l\u2019environnement et la culture d\u2019entreprise ad\u00e9quate.<\/p>\n<a id=\"button_id-5925\" href=\"http:\/\/www.recrutement-amarillo.com\/contactez-nous\" style=\"background-color:#343086\" class=\"button medium primary no_woo_button\"><span style=\"color:#ffffff;\">Demande d&rsquo;information<\/span><\/a><\/div>\n<div class=\"one_half last\"><div class=\"sample-purple\">Candidats<\/div>\n<p style=\"text-align: justify;\">Nous tenons \u00e0 c\u0153ur de prot\u00e9ger de la meilleure fa\u00e7on possible les renseignements personnels que vous nous confiez, nous utilisons les syst\u00e8mes les plus s\u00e9curitaires disponibles sur le march\u00e9.<\/p>\n<a id=\"button_id-4755\" href=\"http:\/\/www.recrutement-amarillo.com\/contactez-nous\" style=\"background-color:#343086\" class=\"button medium primary no_woo_button\"><span style=\"color:#ffffff;\">Postuler<\/span><\/a>\n<p>&nbsp;<\/p>\n<p><img decoding=\"async\" class=\"alignnone size-full wp-image-106\" src=\"http:\/\/www.recrutement-amarillo.com\/wp-content\/uploads\/2014\/07\/candidat.jpg\" alt=\"candidat\" width=\"300\" height=\"200\" \/><br \/><\/div><div class=\"clearboth\"><\/div>\n<hr \/>\n<p style=\"text-align: center;\">Vous avez aim\u00e9 le contenu ? Partagez-le avec vos amis<\/p>\n","protected":false},"excerpt":{"rendered":"<p>Notre savoir-faire Vous avez aim\u00e9 le contenu ? Partagez-le avec vos amis<\/p>\n","protected":false},"author":1,"featured_media":0,"parent":0,"menu_order":0,"comment_status":"closed","ping_status":"closed","template":"","meta":{"footnotes":""},"class_list":["post-281","page","type-page","status-publish","hentry"],"yoast_head":"<!-- This site is optimized with the Yoast SEO plugin v26.3 - https:\/\/yoast.com\/wordpress\/plugins\/seo\/ -->\n<title>Agence de recrutement, notre savoir-faire<\/title>\n<meta name=\"description\" content=\"Agence de recrutement, notre savoir-faire Employeurs Le recrutement bien fait est un processus tr\u00e8s fluide, souvent \u00e0 la fois efficace et efficient. Nous \u00e9valuons non seulement\" \/>\n<meta name=\"robots\" content=\"index, follow, max-snippet:-1, max-image-preview:large, max-video-preview:-1\" \/>\n<link rel=\"canonical\" href=\"http:\/\/www.recrutement-amarillo.com\/fr\/agence-de-recrutement-notre-savoir-faire\/\" \/>\n<meta property=\"og:locale\" content=\"fr_FR\" \/>\n<meta property=\"og:type\" content=\"article\" \/>\n<meta property=\"og:title\" content=\"Agence de recrutement, notre savoir-faire\" \/>\n<meta property=\"og:description\" content=\"Agence de recrutement, notre savoir-faire Employeurs Le recrutement bien fait est un processus tr\u00e8s fluide, souvent \u00e0 la fois efficace et efficient. Nous \u00e9valuons non seulement\" \/>\n<meta property=\"og:url\" content=\"http:\/\/www.recrutement-amarillo.com\/fr\/agence-de-recrutement-notre-savoir-faire\/\" \/>\n<meta property=\"og:site_name\" content=\"Recrutement Amarillo\" \/>\n<meta property=\"article:modified_time\" content=\"2021-09-01T06:00:30+00:00\" \/>\n<meta property=\"og:image\" content=\"http:\/\/www.recrutement-amarillo.com\/wp-content\/uploads\/2014\/07\/candidat.jpg\" \/>\n<meta name=\"twitter:label1\" content=\"Dur\u00e9e de lecture estim\u00e9e\" \/>\n\t<meta name=\"twitter:data1\" content=\"1 minute\" \/>\n<script type=\"application\/ld+json\" class=\"yoast-schema-graph\">{\"@context\":\"https:\/\/schema.org\",\"@graph\":[{\"@type\":\"WebPage\",\"@id\":\"http:\/\/www.recrutement-amarillo.com\/fr\/agence-de-recrutement-notre-savoir-faire\/\",\"url\":\"http:\/\/www.recrutement-amarillo.com\/fr\/agence-de-recrutement-notre-savoir-faire\/\",\"name\":\"Agence de recrutement, notre savoir-faire\",\"isPartOf\":{\"@id\":\"http:\/\/www.recrutement-amarillo.com\/#website\"},\"primaryImageOfPage\":{\"@id\":\"http:\/\/www.recrutement-amarillo.com\/fr\/agence-de-recrutement-notre-savoir-faire\/#primaryimage\"},\"image\":{\"@id\":\"http:\/\/www.recrutement-amarillo.com\/fr\/agence-de-recrutement-notre-savoir-faire\/#primaryimage\"},\"thumbnailUrl\":\"http:\/\/www.recrutement-amarillo.com\/wp-content\/uploads\/2014\/07\/candidat.jpg\",\"datePublished\":\"2014-08-12T23:21:02+00:00\",\"dateModified\":\"2021-09-01T06:00:30+00:00\",\"description\":\"Agence de recrutement, notre savoir-faire Employeurs Le recrutement bien fait est un processus tr\u00e8s fluide, souvent \u00e0 la fois efficace et efficient. Nous \u00e9valuons non seulement\",\"inLanguage\":\"fr-FR\",\"potentialAction\":[{\"@type\":\"ReadAction\",\"target\":[\"http:\/\/www.recrutement-amarillo.com\/fr\/agence-de-recrutement-notre-savoir-faire\/\"]}]},{\"@type\":\"ImageObject\",\"inLanguage\":\"fr-FR\",\"@id\":\"http:\/\/www.recrutement-amarillo.com\/fr\/agence-de-recrutement-notre-savoir-faire\/#primaryimage\",\"url\":\"http:\/\/www.recrutement-amarillo.com\/wp-content\/uploads\/2014\/07\/candidat.jpg\",\"contentUrl\":\"http:\/\/www.recrutement-amarillo.com\/wp-content\/uploads\/2014\/07\/candidat.jpg\"},{\"@type\":\"WebSite\",\"@id\":\"http:\/\/www.recrutement-amarillo.com\/#website\",\"url\":\"http:\/\/www.recrutement-amarillo.com\/\",\"name\":\"Recrutement Amarillo\",\"description\":\"Recrutement Amarillo\",\"potentialAction\":[{\"@type\":\"SearchAction\",\"target\":{\"@type\":\"EntryPoint\",\"urlTemplate\":\"http:\/\/www.recrutement-amarillo.com\/?s={search_term_string}\"},\"query-input\":{\"@type\":\"PropertyValueSpecification\",\"valueRequired\":true,\"valueName\":\"search_term_string\"}}],\"inLanguage\":\"fr-FR\"}]}<\/script>\n<!-- \/ Yoast SEO plugin. -->","yoast_head_json":{"title":"Agence de recrutement, notre savoir-faire","description":"Agence de recrutement, notre savoir-faire Employeurs Le recrutement bien fait est un processus tr\u00e8s fluide, souvent \u00e0 la fois efficace et efficient. Nous \u00e9valuons non seulement","robots":{"index":"index","follow":"follow","max-snippet":"max-snippet:-1","max-image-preview":"max-image-preview:large","max-video-preview":"max-video-preview:-1"},"canonical":"http:\/\/www.recrutement-amarillo.com\/fr\/agence-de-recrutement-notre-savoir-faire\/","og_locale":"fr_FR","og_type":"article","og_title":"Agence de recrutement, notre savoir-faire","og_description":"Agence de recrutement, notre savoir-faire Employeurs Le recrutement bien fait est un processus tr\u00e8s fluide, souvent \u00e0 la fois efficace et efficient. Nous \u00e9valuons non seulement","og_url":"http:\/\/www.recrutement-amarillo.com\/fr\/agence-de-recrutement-notre-savoir-faire\/","og_site_name":"Recrutement Amarillo","article_modified_time":"2021-09-01T06:00:30+00:00","og_image":[{"url":"http:\/\/www.recrutement-amarillo.com\/wp-content\/uploads\/2014\/07\/candidat.jpg","type":"","width":"","height":""}],"twitter_misc":{"Dur\u00e9e de lecture estim\u00e9e":"1 minute"},"schema":{"@context":"https:\/\/schema.org","@graph":[{"@type":"WebPage","@id":"http:\/\/www.recrutement-amarillo.com\/fr\/agence-de-recrutement-notre-savoir-faire\/","url":"http:\/\/www.recrutement-amarillo.com\/fr\/agence-de-recrutement-notre-savoir-faire\/","name":"Agence de recrutement, notre savoir-faire","isPartOf":{"@id":"http:\/\/www.recrutement-amarillo.com\/#website"},"primaryImageOfPage":{"@id":"http:\/\/www.recrutement-amarillo.com\/fr\/agence-de-recrutement-notre-savoir-faire\/#primaryimage"},"image":{"@id":"http:\/\/www.recrutement-amarillo.com\/fr\/agence-de-recrutement-notre-savoir-faire\/#primaryimage"},"thumbnailUrl":"http:\/\/www.recrutement-amarillo.com\/wp-content\/uploads\/2014\/07\/candidat.jpg","datePublished":"2014-08-12T23:21:02+00:00","dateModified":"2021-09-01T06:00:30+00:00","description":"Agence de recrutement, notre savoir-faire Employeurs Le recrutement bien fait est un processus tr\u00e8s fluide, souvent \u00e0 la fois efficace et efficient. Nous \u00e9valuons non seulement","inLanguage":"fr-FR","potentialAction":[{"@type":"ReadAction","target":["http:\/\/www.recrutement-amarillo.com\/fr\/agence-de-recrutement-notre-savoir-faire\/"]}]},{"@type":"ImageObject","inLanguage":"fr-FR","@id":"http:\/\/www.recrutement-amarillo.com\/fr\/agence-de-recrutement-notre-savoir-faire\/#primaryimage","url":"http:\/\/www.recrutement-amarillo.com\/wp-content\/uploads\/2014\/07\/candidat.jpg","contentUrl":"http:\/\/www.recrutement-amarillo.com\/wp-content\/uploads\/2014\/07\/candidat.jpg"},{"@type":"WebSite","@id":"http:\/\/www.recrutement-amarillo.com\/#website","url":"http:\/\/www.recrutement-amarillo.com\/","name":"Recrutement Amarillo","description":"Recrutement Amarillo","potentialAction":[{"@type":"SearchAction","target":{"@type":"EntryPoint","urlTemplate":"http:\/\/www.recrutement-amarillo.com\/?s={search_term_string}"},"query-input":{"@type":"PropertyValueSpecification","valueRequired":true,"valueName":"search_term_string"}}],"inLanguage":"fr-FR"}]}},"_links":{"self":[{"href":"http:\/\/www.recrutement-amarillo.com\/fr\/wp-json\/wp\/v2\/pages\/281","targetHints":{"allow":["GET"]}}],"collection":[{"href":"http:\/\/www.recrutement-amarillo.com\/fr\/wp-json\/wp\/v2\/pages"}],"about":[{"href":"http:\/\/www.recrutement-amarillo.com\/fr\/wp-json\/wp\/v2\/types\/page"}],"author":[{"embeddable":true,"href":"http:\/\/www.recrutement-amarillo.com\/fr\/wp-json\/wp\/v2\/users\/1"}],"replies":[{"embeddable":true,"href":"http:\/\/www.recrutement-amarillo.com\/fr\/wp-json\/wp\/v2\/comments?post=281"}],"version-history":[{"count":0,"href":"http:\/\/www.recrutement-amarillo.com\/fr\/wp-json\/wp\/v2\/pages\/281\/revisions"}],"wp:attachment":[{"href":"http:\/\/www.recrutement-amarillo.com\/fr\/wp-json\/wp\/v2\/media?parent=281"}],"curies":[{"name":"wp","href":"https:\/\/api.w.org\/{rel}","templated":true}]}}