{"id":456,"date":"2023-11-29T03:27:39","date_gmt":"2023-11-29T03:27:39","guid":{"rendered":"http:\/\/www.recrutement-amarillo.com\/?page_id=456"},"modified":"2023-11-29T03:32:08","modified_gmt":"2023-11-29T03:32:08","slug":"politique-de-confidentialite","status":"publish","type":"page","link":"http:\/\/www.recrutement-amarillo.com\/fr\/politique-de-confidentialite\/","title":{"rendered":"Politique de confidentialit\u00e9"},"content":{"rendered":"<h2>POLITIQUE DE CONFIDENTIALIT\u00c9<\/h2>\n<p><em>Derni\u00e8re mise \u00e0 jour: 28 novembre 2023<\/em><\/p>\n<p><strong>Amarillo Recruiting Inc.<\/strong> (ci-apr\u00e8s d\u00e9nomm\u00e9 \u00ab\u202fnous\u202f\u00bb, \u00ab\u202fnotre\u202f\u00bb, \u00ab\u202fnos\u202f\u00bb) s\u2019engage \u00e0 respecter votre vie priv\u00e9e et \u00e0 prot\u00e9ger les informations personnelles que vous nous fournissez via notre site web http:\/\/www.recrutement-amarillo.com, conform\u00e9ment aux dispositions de la Loi 25.<\/p>\n<p>La pr\u00e9sente politique de confidentialit\u00e9 explique comment nous recueillons, utilisons, divulguons et prot\u00e9geons vos informations. En utilisant notre site web, vous consentez \u00e0 cette politique de confidentialit\u00e9.<\/p>\n<p>L\u2019application de la pr\u00e9sente politique demeure soumise aux lois applicables, y compris la l\u00e9gislation, les r\u00e8glements et les ordonnances des tribunaux ou autres autorit\u00e9s l\u00e9gitimes.<\/p>\n<p>Nous traitons vos renseignements personnels conform\u00e9ment aux lois applicables et aux principes suivants\u202f:<\/p>\n<ul>\n<li>Les renseignements personnels ne sont recueillis qu\u2019avec votre consentement<\/li>\n<li>Ils sont gard\u00e9s strictement confidentiels<\/li>\n<li>Vous pouvez avoir acc\u00e8s \u00e0 vos renseignements personnels sur demande<\/li>\n<\/ul>\n<h3>1. Informations collect\u00e9es<\/h3>\n<p>Nous pouvons collecter des informations personnelles telles que vos coordonn\u00e9es (nom, adresse, courriel, num\u00e9ro de t\u00e9l\u00e9phone, etc.), vos communications avec nous, des donn\u00e9es sur votre utilisation du site web et d\u2019autres informations n\u00e9cessaires aux fins de notre organisation. Ces informations sont recueillies de mani\u00e8re volontaire lorsque vous soumettez des formulaires ou interagissez avec notre site web.<\/p>\n<h3>2. Utilisation des informations<\/h3>\n<p>Nous sommes susceptibles d\u2019utiliser les informations personnelles collect\u00e9es pour les motifs suivants:<\/p>\n<ul>\n<li>Fournir des informations sur notre organisation et ses activit\u00e9s<\/li>\n<li>Fournir des produits et services et remplir nos obligations contractuelles<\/li>\n<li>R\u00e9pondre \u00e0 vos questions et demandes<\/li>\n<li>Personnaliser ou am\u00e9liorer votre exp\u00e9rience sur notre site web<\/li>\n<li>Satisfaire \u00e0 nos obligations l\u00e9gales<\/li>\n<li>Traiter les candidatures<\/li>\n<li>Traiter les commandes que vous nous soumettez<\/li>\n<\/ul>\n<h3>3. Divulgation des informations<\/h3>\n<p>Nous ne vendons, ne louons ni ne partageons vos informations personnelles avec des tiers, sauf si la loi l\u2019exige ou si cela est n\u00e9cessaire pour r\u00e9pondre \u00e0 vos demandes ou pour remplir nos obligations envers vous.<\/p>\n<h3>4. S\u00e9curit\u00e9 des informations<\/h3>\n<p>Nous prenons des mesures raisonnables pour prot\u00e9ger vos informations personnelles contre la perte, l\u2019acc\u00e8s non autoris\u00e9, la divulgation, l\u2019alt\u00e9ration ou la destruction. Cependant, aucune m\u00e9thode de transmission sur Internet ou de stockage \u00e9lectronique n\u2019est totalement s\u00e9curis\u00e9e et nous ne pouvons garantir la s\u00e9curit\u00e9 de vos informations.<\/p>\n<h3>5. Cookies et technologies similaires<\/h3>\n<p>Notre site web peut utiliser des cookies et d\u2019autres technologies similaires pour am\u00e9liorer votre exp\u00e9rience en ligne. Vous pouvez modifier les param\u00e8tres de votre navigateur pour d\u00e9sactiver les cookies, mais cela peut affecter certaines fonctionnalit\u00e9s de notre site web.<\/p>\n<h3>6. Modifications de la politique de confidentialit\u00e9<\/h3>\n<p>Nous nous r\u00e9servons le droit de mettre \u00e0 jour notre politique de confidentialit\u00e9 \u00e0 tout moment. Les modifications seront publi\u00e9es sur cette page avec la date de la derni\u00e8re mise \u00e0 jour.<\/p>\n<p>Votre utilisation continue de notre site web apr\u00e8s les modifications de notre politique de confidentialit\u00e9 constitue votre acceptation de ces modifications.<\/p>\n<h3>7. Contact<\/h3>\n<p>Si vous avez des questions ou des pr\u00e9occupations concernant la pr\u00e9sente politique de confidentialit\u00e9, veuillez contacter <strong>Andr\u00e9 Chitayat<\/strong>, la personne responsable de la conformit\u00e9, \u00e0 l\u2019adresse courriel suivante:\u202f<a href=\"mailto:andre@amarillo.ca\">andre@amarillo.ca<\/a><\/p>\n","protected":false},"excerpt":{"rendered":"<p>POLITIQUE DE CONFIDENTIALIT\u00c9 Derni\u00e8re mise \u00e0 jour: 28 novembre 2023 Amarillo Recruiting Inc. (ci-apr\u00e8s d\u00e9nomm\u00e9 \u00ab\u202fnous\u202f\u00bb, \u00ab\u202fnotre\u202f\u00bb, \u00ab\u202fnos\u202f\u00bb) s\u2019engage \u00e0 respecter votre vie priv\u00e9e et \u00e0 prot\u00e9ger les informations personnelles que vous nous fournissez via notre site web http:\/\/www.recrutement-amarillo.com, conform\u00e9ment aux dispositions de la Loi 25. La pr\u00e9sente politique de confidentialit\u00e9 explique comment nous recueillons, &#8230;<\/p>\n","protected":false},"author":1,"featured_media":0,"parent":0,"menu_order":0,"comment_status":"closed","ping_status":"closed","template":"","meta":{"footnotes":""},"class_list":["post-456","page","type-page","status-publish","hentry"],"yoast_head":"<!-- This site is optimized with the Yoast SEO plugin v26.3 - https:\/\/yoast.com\/wordpress\/plugins\/seo\/ -->\n<title>Politique de confidentialit\u00e9 - Recrutement Amarillo<\/title>\n<meta name=\"robots\" content=\"index, follow, max-snippet:-1, max-image-preview:large, max-video-preview:-1\" \/>\n<link rel=\"canonical\" href=\"http:\/\/www.recrutement-amarillo.com\/fr\/politique-de-confidentialite\/\" \/>\n<meta property=\"og:locale\" content=\"fr_FR\" \/>\n<meta property=\"og:type\" content=\"article\" \/>\n<meta property=\"og:title\" content=\"Politique de confidentialit\u00e9 - Recrutement Amarillo\" \/>\n<meta property=\"og:description\" content=\"POLITIQUE DE CONFIDENTIALIT\u00c9 Derni\u00e8re mise \u00e0 jour: 28 novembre 2023 Amarillo Recruiting Inc. (ci-apr\u00e8s d\u00e9nomm\u00e9 \u00ab\u202fnous\u202f\u00bb, \u00ab\u202fnotre\u202f\u00bb, \u00ab\u202fnos\u202f\u00bb) s\u2019engage \u00e0 respecter votre vie priv\u00e9e et \u00e0 prot\u00e9ger les informations personnelles que vous nous fournissez via notre site web http:\/\/www.recrutement-amarillo.com, conform\u00e9ment aux dispositions de la Loi 25. La pr\u00e9sente politique de confidentialit\u00e9 explique comment nous recueillons, ...\" \/>\n<meta property=\"og:url\" content=\"http:\/\/www.recrutement-amarillo.com\/fr\/politique-de-confidentialite\/\" \/>\n<meta property=\"og:site_name\" content=\"Recrutement Amarillo\" \/>\n<meta property=\"article:modified_time\" content=\"2023-11-29T03:32:08+00:00\" \/>\n<meta name=\"twitter:label1\" content=\"Dur\u00e9e de lecture estim\u00e9e\" \/>\n\t<meta name=\"twitter:data1\" content=\"3 minutes\" \/>\n<script type=\"application\/ld+json\" class=\"yoast-schema-graph\">{\"@context\":\"https:\/\/schema.org\",\"@graph\":[{\"@type\":\"WebPage\",\"@id\":\"http:\/\/www.recrutement-amarillo.com\/fr\/politique-de-confidentialite\/\",\"url\":\"http:\/\/www.recrutement-amarillo.com\/fr\/politique-de-confidentialite\/\",\"name\":\"Politique de confidentialit\u00e9 - Recrutement Amarillo\",\"isPartOf\":{\"@id\":\"http:\/\/www.recrutement-amarillo.com\/#website\"},\"datePublished\":\"2023-11-29T03:27:39+00:00\",\"dateModified\":\"2023-11-29T03:32:08+00:00\",\"inLanguage\":\"fr-FR\",\"potentialAction\":[{\"@type\":\"ReadAction\",\"target\":[\"http:\/\/www.recrutement-amarillo.com\/fr\/politique-de-confidentialite\/\"]}]},{\"@type\":\"WebSite\",\"@id\":\"http:\/\/www.recrutement-amarillo.com\/#website\",\"url\":\"http:\/\/www.recrutement-amarillo.com\/\",\"name\":\"Recrutement Amarillo\",\"description\":\"Recrutement Amarillo\",\"potentialAction\":[{\"@type\":\"SearchAction\",\"target\":{\"@type\":\"EntryPoint\",\"urlTemplate\":\"http:\/\/www.recrutement-amarillo.com\/?s={search_term_string}\"},\"query-input\":{\"@type\":\"PropertyValueSpecification\",\"valueRequired\":true,\"valueName\":\"search_term_string\"}}],\"inLanguage\":\"fr-FR\"}]}<\/script>\n<!-- \/ Yoast SEO plugin. -->","yoast_head_json":{"title":"Politique de confidentialit\u00e9 - Recrutement Amarillo","robots":{"index":"index","follow":"follow","max-snippet":"max-snippet:-1","max-image-preview":"max-image-preview:large","max-video-preview":"max-video-preview:-1"},"canonical":"http:\/\/www.recrutement-amarillo.com\/fr\/politique-de-confidentialite\/","og_locale":"fr_FR","og_type":"article","og_title":"Politique de confidentialit\u00e9 - Recrutement Amarillo","og_description":"POLITIQUE DE CONFIDENTIALIT\u00c9 Derni\u00e8re mise \u00e0 jour: 28 novembre 2023 Amarillo Recruiting Inc. (ci-apr\u00e8s d\u00e9nomm\u00e9 \u00ab\u202fnous\u202f\u00bb, \u00ab\u202fnotre\u202f\u00bb, \u00ab\u202fnos\u202f\u00bb) s\u2019engage \u00e0 respecter votre vie priv\u00e9e et \u00e0 prot\u00e9ger les informations personnelles que vous nous fournissez via notre site web http:\/\/www.recrutement-amarillo.com, conform\u00e9ment aux dispositions de la Loi 25. La pr\u00e9sente politique de confidentialit\u00e9 explique comment nous recueillons, ...","og_url":"http:\/\/www.recrutement-amarillo.com\/fr\/politique-de-confidentialite\/","og_site_name":"Recrutement Amarillo","article_modified_time":"2023-11-29T03:32:08+00:00","twitter_misc":{"Dur\u00e9e de lecture estim\u00e9e":"3 minutes"},"schema":{"@context":"https:\/\/schema.org","@graph":[{"@type":"WebPage","@id":"http:\/\/www.recrutement-amarillo.com\/fr\/politique-de-confidentialite\/","url":"http:\/\/www.recrutement-amarillo.com\/fr\/politique-de-confidentialite\/","name":"Politique de confidentialit\u00e9 - Recrutement Amarillo","isPartOf":{"@id":"http:\/\/www.recrutement-amarillo.com\/#website"},"datePublished":"2023-11-29T03:27:39+00:00","dateModified":"2023-11-29T03:32:08+00:00","inLanguage":"fr-FR","potentialAction":[{"@type":"ReadAction","target":["http:\/\/www.recrutement-amarillo.com\/fr\/politique-de-confidentialite\/"]}]},{"@type":"WebSite","@id":"http:\/\/www.recrutement-amarillo.com\/#website","url":"http:\/\/www.recrutement-amarillo.com\/","name":"Recrutement Amarillo","description":"Recrutement Amarillo","potentialAction":[{"@type":"SearchAction","target":{"@type":"EntryPoint","urlTemplate":"http:\/\/www.recrutement-amarillo.com\/?s={search_term_string}"},"query-input":{"@type":"PropertyValueSpecification","valueRequired":true,"valueName":"search_term_string"}}],"inLanguage":"fr-FR"}]}},"_links":{"self":[{"href":"http:\/\/www.recrutement-amarillo.com\/fr\/wp-json\/wp\/v2\/pages\/456","targetHints":{"allow":["GET"]}}],"collection":[{"href":"http:\/\/www.recrutement-amarillo.com\/fr\/wp-json\/wp\/v2\/pages"}],"about":[{"href":"http:\/\/www.recrutement-amarillo.com\/fr\/wp-json\/wp\/v2\/types\/page"}],"author":[{"embeddable":true,"href":"http:\/\/www.recrutement-amarillo.com\/fr\/wp-json\/wp\/v2\/users\/1"}],"replies":[{"embeddable":true,"href":"http:\/\/www.recrutement-amarillo.com\/fr\/wp-json\/wp\/v2\/comments?post=456"}],"version-history":[{"count":0,"href":"http:\/\/www.recrutement-amarillo.com\/fr\/wp-json\/wp\/v2\/pages\/456\/revisions"}],"wp:attachment":[{"href":"http:\/\/www.recrutement-amarillo.com\/fr\/wp-json\/wp\/v2\/media?parent=456"}],"curies":[{"name":"wp","href":"https:\/\/api.w.org\/{rel}","templated":true}]}}